{"id":960,"date":"2020-09-15T09:51:01","date_gmt":"2020-09-15T07:51:01","guid":{"rendered":"https:\/\/www.chateaudecampet.com\/index.php\/home\/"},"modified":"2025-08-31T09:36:29","modified_gmt":"2025-08-31T07:36:29","slug":"accueil","status":"publish","type":"page","link":"https:\/\/www.chateaudecampet.com\/","title":{"rendered":"Accueil"},"content":{"rendered":"\n<div class=\"wp-block-uagb-container uagb-block-8af469da alignfull uagb-is-root-container\"><div class=\"uagb-container-inner-blocks-wrap\">\n<div class=\"wp-block-uagb-advanced-heading uagb-block-b68542a4\"><h2 class=\"uagb-heading-text\"><br><br>Bienvenue <br><br> <br>Ch\u00e2teau <br>de Campet<\/h2><\/div>\n<\/div><\/div>\n\n\n\n<div class=\"wp-block-uagb-container uagb-block-2116563f alignfull uagb-is-root-container\"><div class=\"uagb-container-inner-blocks-wrap\"><\/div><\/div>\n\n\n\n<div class=\"wp-block-uagb-container uagb-block-0621db1a alignfull uagb-is-root-container\"><div class=\"uagb-container-inner-blocks-wrap\">\n<div class=\"wp-block-uagb-info-box uagb-block-d1535af8 uagb-infobox__content-wrap  uagb-infobox-icon-above-title uagb-infobox-image-valign-top\"><div class=\"uagb-ifb-content\"><div class=\"uagb-ifb-title-wrap\"><h2 class=\"uagb-ifb-title\">*<br>Vos histoires ont une place\u200b<\/h2><\/div><p class=\"uagb-ifb-desc\">Situ\u00e9e en plein coeur des Landes, \u00e0 10 min de Mont-de-Marsan et 1h30 de Bordeaux et de Biarritz, <br>l&rsquo;antique demeure des Marquis du Lyon vous accueille dans un environnement hors du temps. <br><br>P\u00e9n\u00e9trez dans un parc arbor\u00e9 de 15 hectares d&rsquo;une beaut\u00e9 rare o\u00f9 r\u00e8gnent le calme <br>et la tranquillit\u00e9 la plus totale.<br>C\u00e9l\u00e9brez vos \u00e9v\u00e9nements dans l&rsquo;Orangerie, le Ch\u00e2teau ou le Parc, <br>puis profitez d&rsquo;un s\u00e9jour reposant dans l&rsquo;un de nos 3 g\u00eetes (45 personnes). <\/p><\/div><\/div>\n<\/div><\/div>\n\n\n\n<div class=\"wp-block-uagb-container uagb-block-533e8210 alignfull uagb-is-root-container\"><div class=\"uagb-container-inner-blocks-wrap\">\n<div class=\"wp-block-uagb-advanced-heading uagb-block-e5292182\"><p class=\"uagb-desc-text\">Nos espaces<\/p><\/div>\n\n\n\n<div class=\"wp-block-columns is-layout-flex wp-container-core-columns-is-layout-28f84493 wp-block-columns-is-layout-flex\">\n<div class=\"wp-block-column is-layout-flow wp-block-column-is-layout-flow\" style=\"flex-basis:100%\">\n<div class=\"wp-block-uagb-container uagb-block-ead451ab\">\n<div class=\"wp-block-uagb-container uagb-block-70960396\">\n<div class=\"wp-block-uagb-info-box uagb-block-51bd3a21 uagb-infobox__content-wrap  uagb-infobox_cta-type-all uagb-infobox-icon-above-title uagb-infobox-image-valign-top\"><a href=\"https:\/\/www.chateaudecampet.com\/index.php\/orangerie\/\" class=\"uagb-infobox-link-wrap uagb-infbox__link-to-all\" target=\"_self\" aria-label=\"Infobox Link\" rel=\"noopener noreferrer\"><\/a><div class=\"uagb-ifb-content\"><div class=\"uagb-ifb-image-content\"><img decoding=\"async\" src=\"https:\/\/www.chateaudecampet.com\/wp-content\/uploads\/2023\/09\/RozennetFrancois-19-scaled.jpg\" alt=\"\" width=\"500\" height=\"333\" loading=\"lazy\"\/><\/div><div class=\"uagb-ifb-title-wrap\"><h3 class=\"uagb-ifb-title\">L&rsquo;orangerie<\/h3><\/div><p class=\"uagb-ifb-desc\">R\u00e9ceptions <\/p><div class=\"uagb-ifb-button-wrapper wp-block-button\"><\/div><\/div><\/div>\n<\/div>\n\n\n\n<div class=\"wp-block-uagb-container uagb-block-873c45ad\">\n<div class=\"wp-block-uagb-info-box uagb-block-ebb3e99e uagb-infobox__content-wrap  uagb-infobox_cta-type-all uagb-infobox-icon-above-title uagb-infobox-image-valign-top\"><a href=\"https:\/\/www.chateaudecampet.com\/index.php\/chateau\/\" class=\"uagb-infobox-link-wrap uagb-infbox__link-to-all\" target=\"_self\" aria-label=\"Infobox Link\" rel=\"noopener noreferrer\"><\/a><div class=\"uagb-ifb-content\"><div class=\"uagb-ifb-image-content\"><img decoding=\"async\" src=\"https:\/\/www.chateaudecampet.com\/wp-content\/uploads\/2023\/01\/0041_slaine-mont-de-marsan-dax-chateau-campet-22-scaled.jpg\" alt=\"\" width=\"500\" height=\"333\" loading=\"lazy\"\/><\/div><div class=\"uagb-ifb-title-wrap\"><h3 class=\"uagb-ifb-title\">Le ch\u00e2teau<\/h3><\/div><p class=\"uagb-ifb-desc\">R\u00e9ceptions et g\u00eete <\/p><div class=\"uagb-ifb-button-wrapper wp-block-button\"><\/div><\/div><\/div>\n<\/div>\n<\/div>\n\n\n\n<div class=\"wp-block-uagb-container uagb-block-bbaa33d7\">\n<div class=\"wp-block-uagb-container uagb-block-5caaa099\">\n<div class=\"wp-block-uagb-info-box uagb-block-53300edc uagb-infobox__content-wrap  uagb-infobox_cta-type-all uagb-infobox-icon-above-title uagb-infobox-image-valign-top\"><a href=\"https:\/\/www.chateaudecampet.com\/index.php\/villa\/\" class=\"uagb-infobox-link-wrap uagb-infbox__link-to-all\" target=\"_self\" aria-label=\"Infobox Link\" rel=\"noopener noreferrer\"><\/a><div class=\"uagb-ifb-content\"><div class=\"uagb-ifb-image-content\"><img decoding=\"async\" src=\"https:\/\/www.chateaudecampet.com\/wp-content\/uploads\/2022\/11\/4-Villa.jpg\" alt=\"\" width=\"457\" height=\"304\" loading=\"lazy\"\/><\/div><div class=\"uagb-ifb-title-wrap\"><h3 class=\"uagb-ifb-title\">La villa<\/h3><\/div><p class=\"uagb-ifb-desc\">G\u00eete<\/p><div class=\"uagb-ifb-button-wrapper wp-block-button\"><\/div><\/div><\/div>\n<\/div>\n\n\n\n<div class=\"wp-block-uagb-container uagb-block-f8e3963c\">\n<div class=\"wp-block-uagb-info-box uagb-block-0214e63b uagb-infobox__content-wrap  uagb-infobox-icon-above-title uagb-infobox-image-valign-top\"><div class=\"uagb-ifb-content\"><div class=\"uagb-ifb-image-content\"><img decoding=\"async\" src=\"https:\/\/www.chateaudecampet.com\/wp-content\/uploads\/2023\/03\/IMG_9205.jpeg\" alt=\"\" width=\"\" height=\"0\" loading=\"lazy\"\/><\/div><div class=\"uagb-ifb-title-wrap\"><h3 class=\"uagb-ifb-title\">Le dortoir<\/h3><\/div><p class=\"uagb-ifb-desc\">G\u00eete<\/p><\/div><\/div>\n<\/div>\n<\/div>\n<\/div>\n<\/div>\n<\/div><\/div>\n\n\n\n<div class=\"wp-block-uagb-container uagb-block-4c288613 alignfull uagb-is-root-container\"><div class=\"uagb-container__video-wrap\"><video autoplay loop muted playsinline><source src=\"https:\/\/www.chateaudecampet.com\/wp-content\/uploads\/2023\/01\/Video-drone-Campet-3.mov\" type=\"video\/mp4\"\/><\/video><\/div><div class=\"uagb-container-inner-blocks-wrap\"><\/div><\/div>\n","protected":false},"excerpt":{"rendered":"","protected":false},"author":1,"featured_media":0,"parent":0,"menu_order":0,"comment_status":"closed","ping_status":"closed","template":"","meta":{"_uag_custom_page_level_css":"","site-sidebar-layout":"no-sidebar","site-content-layout":"plain-container","ast-global-header-display":"","ast-main-header-display":"","ast-hfb-above-header-display":"","ast-hfb-below-header-display":"","ast-hfb-mobile-header-display":"","site-post-title":"disabled","ast-breadcrumbs-content":"","ast-featured-img":"disabled","footer-sml-layout":"","theme-transparent-header-meta":"enabled","adv-header-id-meta":"","stick-header-meta":"","header-above-stick-meta":"","header-main-stick-meta":"","header-below-stick-meta":"","ngg_post_thumbnail":0,"footnotes":""},"class_list":["post-960","page","type-page","status-publish","hentry"],"yoast_head":"<!-- This site is optimized with the Yoast SEO plugin v22.8 - https:\/\/yoast.com\/wordpress\/plugins\/seo\/ -->\n<title>Accueil - Ch\u00e2teau de Campet<\/title>\n<meta name=\"robots\" content=\"index, follow, max-snippet:-1, max-image-preview:large, max-video-preview:-1\" \/>\n<link rel=\"canonical\" href=\"https:\/\/www.chateaudecampet.com\/\" \/>\n<meta property=\"og:locale\" content=\"fr_FR\" \/>\n<meta property=\"og:type\" content=\"article\" \/>\n<meta property=\"og:title\" content=\"Accueil - Ch\u00e2teau de Campet\" \/>\n<meta property=\"og:url\" content=\"https:\/\/www.chateaudecampet.com\/\" \/>\n<meta property=\"og:site_name\" content=\"Ch\u00e2teau de Campet\" \/>\n<meta property=\"article:publisher\" content=\"https:\/\/www.facebook.com\/ChateaudeCampet\/\" \/>\n<meta property=\"article:modified_time\" content=\"2025-08-31T07:36:29+00:00\" \/>\n<meta property=\"og:image\" content=\"http:\/\/www.chateaudecampet.com\/wp-content\/uploads\/2023\/09\/RozennetFrancois-19-scaled.jpg\" \/>\n<meta name=\"twitter:card\" content=\"summary_large_image\" \/>\n<meta name=\"twitter:label1\" content=\"Dur\u00e9e de lecture estim\u00e9e\" \/>\n\t<meta name=\"twitter:data1\" content=\"2 minutes\" \/>\n<script type=\"application\/ld+json\" class=\"yoast-schema-graph\">{\"@context\":\"https:\/\/schema.org\",\"@graph\":[{\"@type\":\"WebPage\",\"@id\":\"https:\/\/www.chateaudecampet.com\/\",\"url\":\"https:\/\/www.chateaudecampet.com\/\",\"name\":\"Accueil - Ch\u00e2teau de Campet\",\"isPartOf\":{\"@id\":\"https:\/\/www.chateaudecampet.com\/#website\"},\"primaryImageOfPage\":{\"@id\":\"https:\/\/www.chateaudecampet.com\/#primaryimage\"},\"image\":{\"@id\":\"https:\/\/www.chateaudecampet.com\/#primaryimage\"},\"thumbnailUrl\":\"http:\/\/www.chateaudecampet.com\/wp-content\/uploads\/2023\/09\/RozennetFrancois-19-scaled.jpg\",\"datePublished\":\"2020-09-15T07:51:01+00:00\",\"dateModified\":\"2025-08-31T07:36:29+00:00\",\"breadcrumb\":{\"@id\":\"https:\/\/www.chateaudecampet.com\/#breadcrumb\"},\"inLanguage\":\"fr-FR\",\"potentialAction\":[{\"@type\":\"ReadAction\",\"target\":[\"https:\/\/www.chateaudecampet.com\/\"]}]},{\"@type\":\"ImageObject\",\"inLanguage\":\"fr-FR\",\"@id\":\"https:\/\/www.chateaudecampet.com\/#primaryimage\",\"url\":\"http:\/\/www.chateaudecampet.com\/wp-content\/uploads\/2023\/09\/RozennetFrancois-19-scaled.jpg\",\"contentUrl\":\"http:\/\/www.chateaudecampet.com\/wp-content\/uploads\/2023\/09\/RozennetFrancois-19-scaled.jpg\"},{\"@type\":\"BreadcrumbList\",\"@id\":\"https:\/\/www.chateaudecampet.com\/#breadcrumb\",\"itemListElement\":[{\"@type\":\"ListItem\",\"position\":1,\"name\":\"Accueil\",\"item\":\"https:\/\/www.chateaudecampet.com\/\"},{\"@type\":\"ListItem\",\"position\":2,\"name\":\"Accueil\"}]},{\"@type\":\"WebSite\",\"@id\":\"https:\/\/www.chateaudecampet.com\/#website\",\"url\":\"https:\/\/www.chateaudecampet.com\/\",\"name\":\"Ch\u00e2teau de Campet\",\"description\":\"Maison de familles depuis 1230\",\"publisher\":{\"@id\":\"https:\/\/www.chateaudecampet.com\/#organization\"},\"potentialAction\":[{\"@type\":\"SearchAction\",\"target\":{\"@type\":\"EntryPoint\",\"urlTemplate\":\"https:\/\/www.chateaudecampet.com\/?s={search_term_string}\"},\"query-input\":\"required name=search_term_string\"}],\"inLanguage\":\"fr-FR\"},{\"@type\":\"Organization\",\"@id\":\"https:\/\/www.chateaudecampet.com\/#organization\",\"name\":\"Ch\u00e2teau de Campet\",\"url\":\"https:\/\/www.chateaudecampet.com\/\",\"logo\":{\"@type\":\"ImageObject\",\"inLanguage\":\"fr-FR\",\"@id\":\"https:\/\/www.chateaudecampet.com\/#\/schema\/logo\/image\/\",\"url\":\"https:\/\/www.chateaudecampet.com\/wp-content\/uploads\/2023\/02\/cropped-Logo-Acceuil.png\",\"contentUrl\":\"https:\/\/www.chateaudecampet.com\/wp-content\/uploads\/2023\/02\/cropped-Logo-Acceuil.png\",\"width\":733,\"height\":672,\"caption\":\"Ch\u00e2teau de Campet\"},\"image\":{\"@id\":\"https:\/\/www.chateaudecampet.com\/#\/schema\/logo\/image\/\"},\"sameAs\":[\"https:\/\/www.facebook.com\/ChateaudeCampet\/\",\"https:\/\/instagram.com\/chateau_de_campet\/\"]}]}<\/script>\n<!-- \/ Yoast SEO plugin. -->","yoast_head_json":{"title":"Accueil - Ch\u00e2teau de Campet","robots":{"index":"index","follow":"follow","max-snippet":"max-snippet:-1","max-image-preview":"max-image-preview:large","max-video-preview":"max-video-preview:-1"},"canonical":"https:\/\/www.chateaudecampet.com\/","og_locale":"fr_FR","og_type":"article","og_title":"Accueil - Ch\u00e2teau de Campet","og_url":"https:\/\/www.chateaudecampet.com\/","og_site_name":"Ch\u00e2teau de Campet","article_publisher":"https:\/\/www.facebook.com\/ChateaudeCampet\/","article_modified_time":"2025-08-31T07:36:29+00:00","og_image":[{"url":"http:\/\/www.chateaudecampet.com\/wp-content\/uploads\/2023\/09\/RozennetFrancois-19-scaled.jpg"}],"twitter_card":"summary_large_image","twitter_misc":{"Dur\u00e9e de lecture estim\u00e9e":"2 minutes"},"schema":{"@context":"https:\/\/schema.org","@graph":[{"@type":"WebPage","@id":"https:\/\/www.chateaudecampet.com\/","url":"https:\/\/www.chateaudecampet.com\/","name":"Accueil - Ch\u00e2teau de Campet","isPartOf":{"@id":"https:\/\/www.chateaudecampet.com\/#website"},"primaryImageOfPage":{"@id":"https:\/\/www.chateaudecampet.com\/#primaryimage"},"image":{"@id":"https:\/\/www.chateaudecampet.com\/#primaryimage"},"thumbnailUrl":"http:\/\/www.chateaudecampet.com\/wp-content\/uploads\/2023\/09\/RozennetFrancois-19-scaled.jpg","datePublished":"2020-09-15T07:51:01+00:00","dateModified":"2025-08-31T07:36:29+00:00","breadcrumb":{"@id":"https:\/\/www.chateaudecampet.com\/#breadcrumb"},"inLanguage":"fr-FR","potentialAction":[{"@type":"ReadAction","target":["https:\/\/www.chateaudecampet.com\/"]}]},{"@type":"ImageObject","inLanguage":"fr-FR","@id":"https:\/\/www.chateaudecampet.com\/#primaryimage","url":"http:\/\/www.chateaudecampet.com\/wp-content\/uploads\/2023\/09\/RozennetFrancois-19-scaled.jpg","contentUrl":"http:\/\/www.chateaudecampet.com\/wp-content\/uploads\/2023\/09\/RozennetFrancois-19-scaled.jpg"},{"@type":"BreadcrumbList","@id":"https:\/\/www.chateaudecampet.com\/#breadcrumb","itemListElement":[{"@type":"ListItem","position":1,"name":"Accueil","item":"https:\/\/www.chateaudecampet.com\/"},{"@type":"ListItem","position":2,"name":"Accueil"}]},{"@type":"WebSite","@id":"https:\/\/www.chateaudecampet.com\/#website","url":"https:\/\/www.chateaudecampet.com\/","name":"Ch\u00e2teau de Campet","description":"Maison de familles depuis 1230","publisher":{"@id":"https:\/\/www.chateaudecampet.com\/#organization"},"potentialAction":[{"@type":"SearchAction","target":{"@type":"EntryPoint","urlTemplate":"https:\/\/www.chateaudecampet.com\/?s={search_term_string}"},"query-input":"required name=search_term_string"}],"inLanguage":"fr-FR"},{"@type":"Organization","@id":"https:\/\/www.chateaudecampet.com\/#organization","name":"Ch\u00e2teau de Campet","url":"https:\/\/www.chateaudecampet.com\/","logo":{"@type":"ImageObject","inLanguage":"fr-FR","@id":"https:\/\/www.chateaudecampet.com\/#\/schema\/logo\/image\/","url":"https:\/\/www.chateaudecampet.com\/wp-content\/uploads\/2023\/02\/cropped-Logo-Acceuil.png","contentUrl":"https:\/\/www.chateaudecampet.com\/wp-content\/uploads\/2023\/02\/cropped-Logo-Acceuil.png","width":733,"height":672,"caption":"Ch\u00e2teau de Campet"},"image":{"@id":"https:\/\/www.chateaudecampet.com\/#\/schema\/logo\/image\/"},"sameAs":["https:\/\/www.facebook.com\/ChateaudeCampet\/","https:\/\/instagram.com\/chateau_de_campet\/"]}]}},"uagb_featured_image_src":{"full":false,"thumbnail":false,"medium":false,"medium_large":false,"large":false,"1536x1536":false,"2048x2048":false},"uagb_author_info":{"display_name":"admin","author_link":"https:\/\/www.chateaudecampet.com\/index.php\/author\/admin\/"},"uagb_comment_info":0,"uagb_excerpt":null,"_links":{"self":[{"href":"https:\/\/www.chateaudecampet.com\/index.php\/wp-json\/wp\/v2\/pages\/960","targetHints":{"allow":["GET"]}}],"collection":[{"href":"https:\/\/www.chateaudecampet.com\/index.php\/wp-json\/wp\/v2\/pages"}],"about":[{"href":"https:\/\/www.chateaudecampet.com\/index.php\/wp-json\/wp\/v2\/types\/page"}],"author":[{"embeddable":true,"href":"https:\/\/www.chateaudecampet.com\/index.php\/wp-json\/wp\/v2\/users\/1"}],"replies":[{"embeddable":true,"href":"https:\/\/www.chateaudecampet.com\/index.php\/wp-json\/wp\/v2\/comments?post=960"}],"version-history":[{"count":140,"href":"https:\/\/www.chateaudecampet.com\/index.php\/wp-json\/wp\/v2\/pages\/960\/revisions"}],"predecessor-version":[{"id":3665,"href":"https:\/\/www.chateaudecampet.com\/index.php\/wp-json\/wp\/v2\/pages\/960\/revisions\/3665"}],"wp:attachment":[{"href":"https:\/\/www.chateaudecampet.com\/index.php\/wp-json\/wp\/v2\/media?parent=960"}],"curies":[{"name":"wp","href":"https:\/\/api.w.org\/{rel}","templated":true}]}}